{"id":132,"date":"2012-10-30T15:34:28","date_gmt":"2012-10-30T18:34:28","guid":{"rendered":"https:\/\/lageevo.crp.ufv.br\/?page_id=132"},"modified":"2025-10-22T11:16:45","modified_gmt":"2025-10-22T14:16:45","slug":"inscricoes-para-mestrado-e-doutorado","status":"publish","type":"page","link":"https:\/\/lageevo.crp.ufv.br\/?page_id=132","title":{"rendered":"Mestrado e Doutorado"},"content":{"rendered":"<p>Atualmente est\u00e3o vinculados ao laborat\u00f3rio os seguintes p\u00f3s-graduandos:<\/p>\n<p><a href=\"http:\/\/lattes.cnpq.br\/1324303255892258\">Iuri Batista da Silva<\/a> &#8211; Doutorado em Zoologia (UFMG).<\/p>\n<p>Davi Filipe Pimenta de Oliveira &#8211; Doutorado em Biologia Animal (UFV).<\/p>\n<p>Laiena Luz Bassam Amadeu &#8211; Doutorado em Biologia Animal (UFV).<\/p>\n<p>Caroliny Helena Moreira Fernandes &#8211; Doutorado em Biologia Animal (UFV).<\/p>\n<p>Lays Martins Coelho &#8211; Mestrado em Biologia Animal (UFV).<\/p>\n<p>Luiz Guilherme Pereira Pimentel &#8211; Mestrado em Zoologia (UFMG).<\/p>\n<p>Priscila Martins de Assis &#8211; Mestrado em Manejo e Conserva\u00e7\u00e3o de Ecossistemas Naturais e Agr\u00e1rios<\/p>\n<p>Samyra St\u00e9phane Neves Pereira &#8211; Mestrado em Biologia Animal (UFV).<\/p>\n<p>Winston Kleber Rodrigues &#8211; Mestrado em Biologia Animal (UFV).<\/p>\n","protected":false},"excerpt":{"rendered":"<p>Atualmente est\u00e3o vinculados ao laborat\u00f3rio os seguintes p\u00f3s-graduandos: Iuri Batista da Silva &#8211; Doutorado em Zoologia (UFMG). Davi Filipe Pimenta de Oliveira &#8211; Doutorado em Biologia Animal (UFV). Laiena Luz Bassam Amadeu &#8211; Doutorado em Biologia Animal (UFV). Caroliny Helena Moreira Fernandes &#8211; Doutorado em Biologia Animal (UFV). Lays Martins Coelho &#8211; Mestrado em Biologia [&hellip;]<\/p>\n","protected":false},"author":1,"featured_media":0,"parent":0,"menu_order":4,"comment_status":"closed","ping_status":"closed","template":"","meta":{"footnotes":""},"class_list":["post-132","page","type-page","status-publish","hentry"],"_links":{"self":[{"href":"https:\/\/lageevo.crp.ufv.br\/index.php?rest_route=\/wp\/v2\/pages\/132","targetHints":{"allow":["GET"]}}],"collection":[{"href":"https:\/\/lageevo.crp.ufv.br\/index.php?rest_route=\/wp\/v2\/pages"}],"about":[{"href":"https:\/\/lageevo.crp.ufv.br\/index.php?rest_route=\/wp\/v2\/types\/page"}],"author":[{"embeddable":true,"href":"https:\/\/lageevo.crp.ufv.br\/index.php?rest_route=\/wp\/v2\/users\/1"}],"replies":[{"embeddable":true,"href":"https:\/\/lageevo.crp.ufv.br\/index.php?rest_route=%2Fwp%2Fv2%2Fcomments&post=132"}],"version-history":[{"count":34,"href":"https:\/\/lageevo.crp.ufv.br\/index.php?rest_route=\/wp\/v2\/pages\/132\/revisions"}],"predecessor-version":[{"id":592,"href":"https:\/\/lageevo.crp.ufv.br\/index.php?rest_route=\/wp\/v2\/pages\/132\/revisions\/592"}],"wp:attachment":[{"href":"https:\/\/lageevo.crp.ufv.br\/index.php?rest_route=%2Fwp%2Fv2%2Fmedia&parent=132"}],"curies":[{"name":"wp","href":"https:\/\/api.w.org\/{rel}","templated":true}]}}