{"id":178,"date":"2013-05-15T23:47:13","date_gmt":"2013-05-16T02:47:13","guid":{"rendered":"https:\/\/lageevo.crp.ufv.br\/?page_id=178"},"modified":"2025-10-22T15:10:35","modified_gmt":"2025-10-22T18:10:35","slug":"pesquisa","status":"publish","type":"page","link":"https:\/\/lageevo.crp.ufv.br\/?page_id=178","title":{"rendered":"Pesquisa"},"content":{"rendered":"<p>Embora o campus Rio Parana\u00edba da UFV n\u00e3o tenha programas de p\u00f3s-gradua\u00e7\u00e3o em Ci\u00eancias Biol\u00f3gicas at\u00e9 o momento, os alunos do Laborat\u00f3rio de Gen\u00e9tica Ecol\u00f3gica e Evolutiva cursam sua p\u00f3s-gradua\u00e7\u00e3o <em>stricto sensu<\/em> junto aos seguintes cursos (links para os programas no menu lateral):<\/p>\n<ul>\n<li>Programa de P\u00f3s-Gradua\u00e7\u00e3o em Biologia Animal da Universidade Federal de Vi\u00e7osa (mestrado e doutorado);<\/li>\n<li>Programa de P\u00f3s-Gradua\u00e7\u00e3o em Conserva\u00e7\u00e3o e Manejo de Ecossistemas Naturais e Agr\u00e1rios da Universidade Federal de Vi\u00e7osa (mestrado);<\/li>\n<li>Programa de P\u00f3s-Gradua\u00e7\u00e3o em Zoologia\u00a0da Universidade Federal de Minas Gerais\u00a0(mestrado e doutorado).<\/li>\n<\/ul>\n<p>De modo geral, o aluno fica o primeiro semestre nos campi da UFV de\u00a0Vi\u00e7osa ou Florestal, ou em Belo Horizonte (UFMG) cumprindo os cr\u00e9ditos b\u00e1sicos e posteriormente vem para Rio Parana\u00edba para desenvolver as atividades da disserta\u00e7\u00e3o ou tese em uma das linhas de pesquisa do grupo:<\/p>\n<ul>\n<li>Gen\u00e9tica Ecol\u00f3gica e Evolutiva de Peixes;<\/li>\n<li>Sistem\u00e1tica e Filogeografia de Peixes;<\/li>\n<li>Gen\u00f4mica e Bioinform\u00e1tica;<\/li>\n<\/ul>\n<p>Para entrar em contato, escreva para: rpasa@ufv.br ou kavalco@ufv.br<\/p>\n<p>* Refer\u00eancias podem ser obtidas acessando o curr\u00edculo dos orientadores no menu ao lado.<\/p>\n","protected":false},"excerpt":{"rendered":"<p>Embora o campus Rio Parana\u00edba da UFV n\u00e3o tenha programas de p\u00f3s-gradua\u00e7\u00e3o em Ci\u00eancias Biol\u00f3gicas at\u00e9 o momento, os alunos do Laborat\u00f3rio de Gen\u00e9tica Ecol\u00f3gica e Evolutiva cursam sua p\u00f3s-gradua\u00e7\u00e3o stricto sensu junto aos seguintes cursos (links para os programas no menu lateral): Programa de P\u00f3s-Gradua\u00e7\u00e3o em Biologia Animal da Universidade Federal de Vi\u00e7osa (mestrado [&hellip;]<\/p>\n","protected":false},"author":1,"featured_media":0,"parent":0,"menu_order":5,"comment_status":"closed","ping_status":"closed","template":"","meta":{"footnotes":""},"class_list":["post-178","page","type-page","status-publish","hentry"],"_links":{"self":[{"href":"https:\/\/lageevo.crp.ufv.br\/index.php?rest_route=\/wp\/v2\/pages\/178","targetHints":{"allow":["GET"]}}],"collection":[{"href":"https:\/\/lageevo.crp.ufv.br\/index.php?rest_route=\/wp\/v2\/pages"}],"about":[{"href":"https:\/\/lageevo.crp.ufv.br\/index.php?rest_route=\/wp\/v2\/types\/page"}],"author":[{"embeddable":true,"href":"https:\/\/lageevo.crp.ufv.br\/index.php?rest_route=\/wp\/v2\/users\/1"}],"replies":[{"embeddable":true,"href":"https:\/\/lageevo.crp.ufv.br\/index.php?rest_route=%2Fwp%2Fv2%2Fcomments&post=178"}],"version-history":[{"count":18,"href":"https:\/\/lageevo.crp.ufv.br\/index.php?rest_route=\/wp\/v2\/pages\/178\/revisions"}],"predecessor-version":[{"id":593,"href":"https:\/\/lageevo.crp.ufv.br\/index.php?rest_route=\/wp\/v2\/pages\/178\/revisions\/593"}],"wp:attachment":[{"href":"https:\/\/lageevo.crp.ufv.br\/index.php?rest_route=%2Fwp%2Fv2%2Fmedia&parent=178"}],"curies":[{"name":"wp","href":"https:\/\/api.w.org\/{rel}","templated":true}]}}