{"id":364,"date":"2017-03-23T16:57:56","date_gmt":"2017-03-23T19:57:56","guid":{"rendered":"https:\/\/lageevo.crp.ufv.br\/?page_id=364"},"modified":"2025-10-22T15:22:06","modified_gmt":"2025-10-22T18:22:06","slug":"publicacoes","status":"publish","type":"page","link":"https:\/\/lageevo.crp.ufv.br\/?page_id=364","title":{"rendered":"Publica\u00e7\u00f5es"},"content":{"rendered":"<p><em><strong>Livros<\/strong><\/em><\/p>\n<p>Pazza, R.; Kavalco, KF. (2015). Uma pequena introdu\u00e7\u00e3o \u00e0 gen\u00e9tica de felinos dom\u00e9sticos. Arauc\u00e1ria Comunica\u00e7\u00e3o e Editora. <a href=\"http:\/\/darwin.bio.br\/dnacetico\/?page_id=2132\" target=\"_blank\" rel=\"noopener noreferrer\">Link<\/a>.<\/p>\n<p>Pazza, R. (2015). O DNA Curioso.\u00a0Arauc\u00e1ria Comunica\u00e7\u00e3o e Editora. <a href=\"https:\/\/www.amazon.com.br\/gp\/product\/B00XKHBDRO\" target=\"_blank\" rel=\"noopener noreferrer\">Link<\/a>.<\/p>\n<p>Silva, MA; Kavalco, KF; Pazza, R. (2016). Ecologia e Evolu\u00e7\u00e3o no Cinema.Arauc\u00e1ria Comunica\u00e7\u00e3o e Editora. <a href=\"https:\/\/www.amazon.com.br\/gp\/product\/B01I3SRELI\" target=\"_blank\" rel=\"noopener noreferrer\">Link<\/a>.<\/p>\n<p><em><strong>Cap\u00edtulo de livro<\/strong><\/em><\/p>\n<p>Sassi, FMC; Resende, SV; Pazza, R; Kavalco, KF. (2018). Natural hybridization between chromosomal discrepant species and the role of hybrid speciation in the genus <em>Astyanax<\/em>. P.123-138. In: Norris, N; Miller, C. An essentioal guide to cytogenetics. Nova Science Publishers, New York.<\/p>\n<p><em><strong>Artigos completos publicados em peri\u00f3dicos (ordem alfab\u00e9tica)<\/strong><\/em><\/p>\n<div class=\"csl-bib-body\">\n<div class=\"csl-entry\">BATISTA DA SILVA, Iuri <i>et al.<\/i> Discovery of putative long non-coding RNAs expressed in the eyes of Astyanax mexicanus (Actinopterygii: Characidae). <b>Scientific Reports<\/b>, v. 13, n. 1, p. 12051, 2023.<\/div>\n<div><\/div>\n<div class=\"csl-entry\">BATISTA DA SILVA, Iuri <i>et al.<\/i> Role of public DNA-Seq data in mitogenomics research: A case study on the flying fish family (Beloniformes: Exocoetidae). <b>Journal of Biosciences<\/b>, v. 50, n. 2, p. 17, 2025.<\/div>\n<div><\/div>\n<div class=\"csl-entry\">COELHO, Lays Martins <i>et al.<\/i> The complete mitochondrial genome of the \u2018Extinct in the Wild\u2019Spix\u2019s Macaw (Cyanopsitta spixii). <b>Journal of Ornithology<\/b>, p. 1\u201311, 2025.<\/div>\n<div><\/div>\n<div class=\"csl-entry\">COVOLAN, Marina Romi Zanatta <i>et al.<\/i> Perfil de ensaios cl\u00ednicos pedi\u00e1tricos para COVID-19 no ClinicalTrials. gov: uma revis\u00e3o sistem\u00e1tica. <b>Revista Cient\u00edfica UMC<\/b>, v. 6, n. 2, 2021a.<\/div>\n<div><\/div>\n<div class=\"csl-entry\">COVOLAN, Marina Romi Zanatta <i>et al.<\/i> Pediatric clinical trial profile for COVID-19 at ClinicalTrials. gov: a systematic review. <b>Resid\u00eancia Pedi\u00e1trica<\/b>, 2021b.<\/div>\n<div><\/div>\n<div class=\"csl-entry\">DA SILVA, Iuri Batista <i>et al.<\/i> Genetic chronicle of the capybara: the complete mitochondrial genome of Hydrochoerus hydrochaeris. <b>Mammalian Biology<\/b>, v. 104, n. 4, p. 459\u2013465, 2024.<\/div>\n<div><\/div>\n<div class=\"csl-entry\">DA SILVA, Marcos Aur\u00e9lio <i>et al.<\/i> Shape diversity of the fish genus Astyanax Baird &amp; Girard, 1854 (Teleostei, Characidae) in adjacent basins. <b>Biologia<\/b>, v. 76, n. 1, p. 213\u2013221, 2021.<\/div>\n<div><\/div>\n<div class=\"csl-entry\">DA SILVA, Natalia Verissimo Rodrigues <i>et al.<\/i> Molecular diagnosis of SARS-CoV-2: a validation of saliva samples. <b>GSC Advanced Research and Reviews<\/b>, v. 10, n. 2, p. 10\u201330574, 2022.<\/div>\n<div><\/div>\n<div class=\"csl-entry\">DA SILVA, Sabrina Alves; KAVALCO, Karine Frehner; PAZZA, Rubens. Uso do sequenciamento de genes mitocondriais na identifica\u00e7\u00e3o de esp\u00e9cies. <b>Evolu\u00e7\u00e3o e Conserva\u00e7\u00e3o da Biodiversidade<\/b>, v. 3, n. 2, p. 64\u201367, 2012.<\/div>\n<div><\/div>\n<div class=\"csl-entry\">DE ASSIS, Priscila Martins <i>et al.<\/i> Description and characterization of the small mitochondrial genome of Trichoderma cerinum (Hypocreales, Hypocreaceae) and its evolutionary perspectives. <b>Mitochondrial DNA Part A<\/b>, v. 35, n. 3\u20134, p. 126\u2013134, 2025.<\/div>\n<div><\/div>\n<div class=\"csl-entry\">DE CAMPOS OLIVEIRA, Rafaela <i>et al.<\/i> Microbiota vaginal e o uso de Lactobacillus como probi\u00f3tico: evid\u00eancias e controv\u00e9rsias. <b>CONTRIBUCIONES A LAS CIENCIAS SOCIALES<\/b>, v. 17, n. 10, 2024.<\/div>\n<div><\/div>\n<div class=\"csl-entry\">DE OLIVEIRA BRAND\u00c3O, Karina <i>et al.<\/i> Studies in two allopatric populations of Hypostomus affinis (Steindachner, 1877): the role of mapping the ribosomal genes to understand the chromosome evolution of the group. <b>Comparative Cytogenetics<\/b>, v. 12, n. 1, p. 1, 2018.<\/div>\n<div><\/div>\n<div class=\"csl-entry\">DESORDI, Rodrigo <i>et al.<\/i> Variabilidade morfol\u00f3gica e estrutura\u00e7\u00e3o populacional de lambaris do grupo \u201cAstyanax aff. bimaculatus\u201d(Teleostei, Characiformes). <b>Evolu\u00e7\u00e3o e Conserva\u00e7\u00e3o da Biodiversidade<\/b>, v. 2, n. 1, p. 73\u201378, 2011.<\/div>\n<div><\/div>\n<div class=\"csl-entry\">DESORDI, Rodrigo <i>et al.<\/i> Identifica\u00e7\u00e3o e utiliza\u00e7\u00e3o da dissimilaridade gen\u00e9tica entre gen\u00f3tipos de trigo (\u201c Triticum aestivum\u201d L. <b>Evolu\u00e7\u00e3o e Conserva\u00e7\u00e3o da Biodiversidade<\/b>, v. 3, n. 1, p. 14\u201327, 2012.<\/div>\n<div><\/div>\n<div class=\"csl-entry\">GARCIA, Caroline <i>et al.<\/i> First description of the mitogenome of the endangered turtle Erymnochelys madagascariensis (Testudines: Podocnemididae) and its implications for conservation. <b>Phyllomedusa: Journal of Herpetology<\/b>, v. 23, n. 1, p. 3\u201319, 2024.<\/div>\n<div><\/div>\n<div class=\"csl-entry\">GIONGO, Patr\u00edcia <i>et al.<\/i> Diversidade cariot\u00edpica de Astyanax asuncionensis (Teleostei, Characiformes) na microbacia do rio Sepotuba (Alto Paraguai). <b>Evolu\u00e7\u00e3o e Conserva\u00e7\u00e3o da Biodiversidade Rio Parana\u00edba<\/b>, v. 3, p. 53\u201358, 2012.<\/div>\n<div><\/div>\n<div class=\"csl-entry\">HUSZCZ, Gabriel Barbosa <i>et al.<\/i> PROSPEC\u00c7\u00c3O E CARACTERIZA\u00c7\u00c3O IN SILICO DO GENOMA MITOCONDRIAL DE FUNGOS PATOG\u00caNICOS DO G\u00caNERO MALASSEZIA UTILIZANDO DADOS DE SEQUENCIAMENTO P\u00daBLICOS. <b>Revista Cient\u00edfica UMC<\/b>, v. 7, n. 2, 2022.<\/div>\n<div><\/div>\n<div class=\"csl-entry\">KAVALCO, Karine Frehner <i>et al.<\/i> Comparative cytogenetics and molecular phylogeography in the group Astyanax altiparanae\u2013Astyanax aff. bimaculatus (Teleostei, Characidae). <b>Cytogenetic and Genome Research<\/b>, v. 134, n. 2, p. 108\u2013119, 2011.<\/div>\n<div><\/div>\n<div class=\"csl-entry\">KAVALCO, Karine Frehner <i>et al.<\/i> Evolutionary trends in species complex diagnosed by cytogenetic polymorphism: the case of Hypostomus ancistroides (Siluriformes, Loricariidae). <b>bioRxiv<\/b>, p. 2020\u2013 09, 2020.<\/div>\n<div><\/div>\n<div class=\"csl-entry\">MARIA LUIZA DOS SANTOS LEOC\u00c1DIO, Rubens Pasa, Giovanna Ferreira da Fonseca, Fabiano Bezerra Meneg\u00eddio, Caroline Garcia, Karine Frehner Kavalco. Epidemiological Survey of COVID-19 in the municipality of Rio Parana\u00edba, Minas Gerais, Brazil, After Pandemics. <b>Magna Scientia Advanced Research and Reviews<\/b>, v. 12, n. 2, p. 343\u2013350, 2024.<\/div>\n<div><\/div>\n<div class=\"csl-entry\">PASA, Rubens <i>et al.<\/i> Distribution and morphological diversity of Astyanax rivularis L\u00fctken, 1874 (Teleostei Characiformes) in the upper S\u00e3o Francisco River basin, Brazil. <b>Biodiversity Journal<\/b>, v. 10, n. 4, 2019.<\/div>\n<div><\/div>\n<div class=\"csl-entry\">PASA, Rubens <i>et al.<\/i> Ten complete mitochondrial genomes of Gymnocharacini (Stethaprioninae, Characiformes). insights into evolutionary relationships and a repetitive element in the control region (D-loop). <b>Frontiers in Ecology and Evolution<\/b>, v. 9, p. 650783, 2021.<\/div>\n<div><\/div>\n<div class=\"csl-entry\">PAZZA, Rubens <i>et al.<\/i> Phenotypic plasticity and karyotype conservation in allopatric populations of Astyanax aff. fasciatus (Teleostei, Characiformes) at the Upper Paran\u00e1 river basin. <b>Acta Zoologica<\/b>, v. 97, n. 2, p. 241\u2013245, 2016.<\/div>\n<div><\/div>\n<div class=\"csl-entry\">PAZZA, Rubens; CRUVINEL, Let\u00edcia Aparecida; KAVALCO, Karine Frehner. Parallel evolution evidenced by molecular data in the banded-tetra (Astyanax fasciatus). <b>Biochemical Systematics and Ecology<\/b>, v. 70, p. 141\u2013146, 2017.<\/div>\n<div><\/div>\n<div class=\"csl-entry\">PAZZA, Rubens; DERGAM, Jorge A.; KAVALCO, Karine F. Trends in karyotype evolution in Astyanax (Teleostei, Characiformes, Characidae): insights from molecular data. <b>Frontiers in Genetics<\/b>, v. 9, p. 131, 2018.<\/div>\n<div><\/div>\n<div class=\"csl-entry\">PAZZA, Rubens; KAVALCO, Karine Frehner. Rates of chromosomal changes in neotropical Characiformes (Teleostei). <b>Currents Topics in Genetics<\/b>, v. 4, p. 11\u201319, 2010.<\/div>\n<div><\/div>\n<div class=\"csl-entry\">PAZZA, Rubens; PENTEADO, Pierre R.; KAVALCO, Karine F. Misconceptions about evolution in Brazilian freshmen students. <b>Evolution: Education and Outreach<\/b>, v. 3, p. 107\u2013113, 2010.<\/div>\n<div><\/div>\n<div class=\"csl-entry\">PENTEADO, Pierre R.; KAVALCO, Karine F.; PAZZA, Rubens. Influence of sociocultural factors and acceptance of creationism in the comprehension of evolutionary biology in freshman Brazilian students. <b>Evolution: Education and Outreach<\/b>, v. 5, p. 589\u2013594, 2012.<\/div>\n<div><\/div>\n<div class=\"csl-entry\">PENTEADO, Pierre Rafael; KAVALCO, Karine Frehner; PAZZA, Rubens. Um terceiro cit\u00f3tipo de Astyanax aff. fasciatus (\u2121EOSTEI, CHARACIDAE) da bacia do rio S\u00e3o Francisco. <b>Evolu\u00e7\u00e3o e Conserva\u00e7\u00e3o da Biodiversidade<\/b>, v. 4, n. 1, p. 1\u20137, 2013.<\/div>\n<div><\/div>\n<div class=\"csl-entry\">PEREIRA, Samyra Sth\u00e9fane Neves <i>et al.<\/i> Colorimetric Reverse Transcription-Loop-Mediated Isothermal Amplification (RT-LAMP) in rapid detection of SARS-CoV-2. 2022.<\/div>\n<div><\/div>\n<div class=\"csl-entry\">PIMENTEL, Luiz Guilherme Pereira <i>et al.<\/i> Description of eight new mitochondrial genomes for the genus Neoarius and phylogenetic considerations for the family Ariidae (Siluriformes). <b>Genomics &amp; Informatics<\/b>, v. 21, n. 4, p. e51, 2023.<\/div>\n<div><\/div>\n<div class=\"csl-entry\">PIMENTEL, Luiz Guilherme Pereira <i>et al.<\/i> Mitochondrial Genomes of Mammals from the Brazilian Cerrado and Phylogenetic Considerations for the Orders Artiodactyla, Carnivora, and Chiroptera (Chordata: Mammalia). <b>Life<\/b>, v. 14, n. 12, p. 1597, 2024.<\/div>\n<div><\/div>\n<div class=\"csl-entry\">REIS, Dina\u00edza Abadia Rocha <i>et al.<\/i> Localiza\u00e7\u00e3o f\u00edsica dos genes ribossomais 5S e 18S em&#8221; Ancistrus&#8221; sp. da bacia dos rios costeiros no Rio de Janeiro (Loricariidae: Ancistrini. <b>Evolu\u00e7\u00e3o e Conserva\u00e7\u00e3o da Biodiversidade<\/b>, v. 3, n. 1, p. 39\u201344, 2012.<\/div>\n<div><\/div>\n<div class=\"csl-entry\">REIS, Dina\u00edza Abadia Rocha <i>et al.<\/i> An\u00e1lise citogen\u00e9tica de tr\u00eas esp\u00e9cies de Hypostomus (Loricariidae: Hypostominae) da bacia do rio Paran\u00e1. <b>Evolu\u00e7\u00e3o e Conserva\u00e7\u00e3o da Biodiversidade<\/b>, v. 4, n. 2, p. 50\u201358, 2013.<\/div>\n<div><\/div>\n<div class=\"csl-entry\">RESENDE, Snaydia Viegas <i>et al.<\/i> Complete mitochondrial genome of the endangered species Brycon nattereri (Characiformes, Characidae). <b>F1000Research<\/b>, v. 9, p. 1343, 2020a.<\/div>\n<div><\/div>\n<div class=\"csl-entry\">RESENDE, Snaydia Viegas <i>et al.<\/i> Complete mitochondrial genome of the endangered specie s Brycon nattereri (Characiformes, Characidae)[version 1; peer. 2020b.<\/div>\n<div><\/div>\n<div class=\"csl-entry\">RESENDE, Snaydia Viegas <i>et al.<\/i> Hidden evolutionary units and its implications on conservation in a vulnerable species of a freshwater fish. <b>Zebrafish<\/b>, v. 18, n. 2, p. 149\u2013161, 2021.<\/div>\n<div><\/div>\n<div class=\"csl-entry\">RESENDE, Snaydia Viegas; KAVALCO, Karine Frehner; PAZZA, Rubens. Morphological and genetic divergence of a small stream fish species along a watershed. <b>Biochemical Systematics and Ecology<\/b>, v. 68, p. 66\u201373, 2016.<\/div>\n<div><\/div>\n<div class=\"csl-entry\">ROCHA-REIS, Dinaiza A. <i>et al.<\/i> The persevering cytotaxonomy: discovery of a unique XX\/XY sex chromosome system in catfishes suggests the existence of a new, endemic and rare species. <b>Cytogenetic and Genome Research<\/b>, v. 156, n. 1, p. 45\u201355, 2018.<\/div>\n<div><\/div>\n<div class=\"csl-entry\">ROCHA-REIS, Dina\u00edza Abadia <i>et al.<\/i> The complete mitochondrial genome of two armored catfish populations of the genus Hypostomus (Siluriformes, Loricariidae, Hypostominae). <b>Frontiers in Ecology and Evolution<\/b>, v. 8, p. 579965, 2020.<\/div>\n<div><\/div>\n<div class=\"csl-entry\">ROCHA-REIS, Dina\u00edza Abadia <i>et al.<\/i> In silico Characterization of Satellitomes and Cross-Amplification of Putative satDNAs in Two Species of the Hypostomus ancistroides Complex (Siluriformes, Loricariidae). <b>Cytogenetic and Genome Research<\/b>, v. 164, n. 2, p. 121\u2013132, 2024.<\/div>\n<div><\/div>\n<div class=\"csl-entry\">ROCHA-REIS, Dina\u00edza Abadia; PASA, Rubens; KAVALCO, Karine Frehner. High congruence of karyotypic and molecular data on Hypostomus species from the Paran\u00e1 River basin. <b>bioRxiv<\/b>, p. 2020\u2013 09, 2020.<\/div>\n<div><\/div>\n<div class=\"csl-entry\">ROCHA-REIS, Dina\u00edza Abadia; PASA, Rubens; KAVALCO, Karine Frehner. High congruence of karyotypic and molecular data on Hypostomus species from Brazilian southeast. <b>Organisms Diversity &amp; Evolution<\/b>, v. 21, n. 1, p. 135\u2013143, 2021.<\/div>\n<div><\/div>\n<div class=\"csl-entry\">RODRIGUES ROCHA, Renan <i>et al.<\/i> Morphological and genetic structure of two equivalent Astyanax species (Characiformes: Characidae) in the region of Parana\u00edba Arc. <b>The Scientific World Journal<\/b>, v. 2019, n. 1, p. 6507954, 2019.<\/div>\n<div><\/div>\n<div class=\"csl-entry\">RODRIGUES, Rodrigo <i>et al.<\/i> Segmentation of fish chromosomes in microscopy images: A new dataset. <i>In<\/i>: SBC, 2020.<\/div>\n<\/div>\n<div><\/div>\n<div class=\"csl-bib-body\">\n<div class=\"csl-entry\">RODRIGUES-OLIVEIRA, Igor Henrique <i>et al.<\/i> Phylogeography and karyotypic evolution of some Deuterodon species from southeastern Brazil (Characiformes, Characidae, Stethaprioninae). <b>Genetics and molecular biology<\/b>, v. 46, n. 3, p. e20230044, 2023.<\/div>\n<div><\/div>\n<div class=\"csl-entry\">RODRIGUES-OLIVEIRA, Igor Henrique <i>et al.<\/i> When paleontology meets genomics: complete mitochondrial genomes of two saber-toothed cats\u2019 species (Felidae: Machairodontinae). <b>Mitochondrial DNA Part A<\/b>, v. 35, n. 3\u20134, p. 102\u2013110, 2025.<\/div>\n<div><\/div>\n<div class=\"csl-entry\">SILVA, Willian Lopes <i>et al.<\/i> Peixes do trecho superior do rio Parana\u00edba durante a esta\u00e7\u00e3o chuvosa. 10.7902\/ecb. v3i1. 1. <b>Evolu\u00e7\u00e3o e Conserva\u00e7\u00e3o da Biodiversidade<\/b>, v. 3, n. 1, p. 32\u201338, 2012a.<\/div>\n<div><\/div>\n<div class=\"csl-entry\">SILVA, Willian Lopes <i>et al.<\/i> RELA\u00c7\u00c3O DE VARI\u00c1VEIS AMBIENTAIS COM A DISTRIBUI\u00c7\u00c3O ESPACIAL DE DIFERENTES ESP\u00c9CIES DE PEIXES DE RIACHO. <b>Evolu\u00e7\u00e3o e Conserva\u00e7\u00e3o da Biodiversidade<\/b>, v. 5, n. 1, p. 01, 2014.<\/div>\n<div><\/div>\n<div class=\"csl-entry\">SILVA, WL <i>et al.<\/i> Fishes from the upper Parana\u00edba River in the raining season. 2012b.<\/div>\n<\/div>\n","protected":false},"excerpt":{"rendered":"<p>Livros Pazza, R.; Kavalco, KF. (2015). Uma pequena introdu\u00e7\u00e3o \u00e0 gen\u00e9tica de felinos dom\u00e9sticos. Arauc\u00e1ria Comunica\u00e7\u00e3o e Editora. Link. Pazza, R. (2015). O DNA Curioso.\u00a0Arauc\u00e1ria Comunica\u00e7\u00e3o e Editora. Link. Silva, MA; Kavalco, KF; Pazza, R. (2016). Ecologia e Evolu\u00e7\u00e3o no Cinema.Arauc\u00e1ria Comunica\u00e7\u00e3o e Editora. Link. Cap\u00edtulo de livro Sassi, FMC; Resende, SV; Pazza, R; Kavalco, [&hellip;]<\/p>\n","protected":false},"author":1,"featured_media":0,"parent":0,"menu_order":0,"comment_status":"closed","ping_status":"closed","template":"","meta":{"footnotes":""},"class_list":["post-364","page","type-page","status-publish","hentry"],"_links":{"self":[{"href":"https:\/\/lageevo.crp.ufv.br\/index.php?rest_route=\/wp\/v2\/pages\/364","targetHints":{"allow":["GET"]}}],"collection":[{"href":"https:\/\/lageevo.crp.ufv.br\/index.php?rest_route=\/wp\/v2\/pages"}],"about":[{"href":"https:\/\/lageevo.crp.ufv.br\/index.php?rest_route=\/wp\/v2\/types\/page"}],"author":[{"embeddable":true,"href":"https:\/\/lageevo.crp.ufv.br\/index.php?rest_route=\/wp\/v2\/users\/1"}],"replies":[{"embeddable":true,"href":"https:\/\/lageevo.crp.ufv.br\/index.php?rest_route=%2Fwp%2Fv2%2Fcomments&post=364"}],"version-history":[{"count":19,"href":"https:\/\/lageevo.crp.ufv.br\/index.php?rest_route=\/wp\/v2\/pages\/364\/revisions"}],"predecessor-version":[{"id":598,"href":"https:\/\/lageevo.crp.ufv.br\/index.php?rest_route=\/wp\/v2\/pages\/364\/revisions\/598"}],"wp:attachment":[{"href":"https:\/\/lageevo.crp.ufv.br\/index.php?rest_route=%2Fwp%2Fv2%2Fmedia&parent=364"}],"curies":[{"name":"wp","href":"https:\/\/api.w.org\/{rel}","templated":true}]}}