{"id":384,"date":"2017-03-23T19:45:54","date_gmt":"2017-03-23T22:45:54","guid":{"rendered":"https:\/\/lageevo.crp.ufv.br\/?page_id=384"},"modified":"2022-01-27T10:18:44","modified_gmt":"2022-01-27T13:18:44","slug":"abrangencia","status":"publish","type":"page","link":"https:\/\/lageevo.crp.ufv.br\/?page_id=384","title":{"rendered":"Abrang\u00eancia"},"content":{"rendered":"<p style=\"text-align: center;\">\u00c1rea de abrang\u00eancia atual das atividades do laborat\u00f3rio.<\/p>\n<p><a href=\"https:\/\/lageevo.crp.ufv.br\/wp-content\/uploads\/2013\/05\/abrangencia.jpg\"><img loading=\"lazy\" decoding=\"async\" class=\"size-full wp-image-382\" src=\"https:\/\/lageevo.crp.ufv.br\/wp-content\/uploads\/2013\/05\/abrangencia.jpg\" alt=\"\" width=\"567\" height=\"396\" srcset=\"https:\/\/lageevo.crp.ufv.br\/wp-content\/uploads\/2013\/05\/abrangencia.jpg 567w, https:\/\/lageevo.crp.ufv.br\/wp-content\/uploads\/2013\/05\/abrangencia-300x210.jpg 300w\" sizes=\"auto, (max-width: 567px) 100vw, 567px\" \/><\/a><\/p>\n","protected":false},"excerpt":{"rendered":"<p>\u00c1rea de abrang\u00eancia atual das atividades do laborat\u00f3rio.<\/p>\n","protected":false},"author":1,"featured_media":0,"parent":0,"menu_order":0,"comment_status":"closed","ping_status":"closed","template":"","meta":{"footnotes":""},"class_list":["post-384","page","type-page","status-publish","hentry"],"_links":{"self":[{"href":"https:\/\/lageevo.crp.ufv.br\/index.php?rest_route=\/wp\/v2\/pages\/384","targetHints":{"allow":["GET"]}}],"collection":[{"href":"https:\/\/lageevo.crp.ufv.br\/index.php?rest_route=\/wp\/v2\/pages"}],"about":[{"href":"https:\/\/lageevo.crp.ufv.br\/index.php?rest_route=\/wp\/v2\/types\/page"}],"author":[{"embeddable":true,"href":"https:\/\/lageevo.crp.ufv.br\/index.php?rest_route=\/wp\/v2\/users\/1"}],"replies":[{"embeddable":true,"href":"https:\/\/lageevo.crp.ufv.br\/index.php?rest_route=%2Fwp%2Fv2%2Fcomments&post=384"}],"version-history":[{"count":5,"href":"https:\/\/lageevo.crp.ufv.br\/index.php?rest_route=\/wp\/v2\/pages\/384\/revisions"}],"predecessor-version":[{"id":566,"href":"https:\/\/lageevo.crp.ufv.br\/index.php?rest_route=\/wp\/v2\/pages\/384\/revisions\/566"}],"wp:attachment":[{"href":"https:\/\/lageevo.crp.ufv.br\/index.php?rest_route=%2Fwp%2Fv2%2Fmedia&parent=384"}],"curies":[{"name":"wp","href":"https:\/\/api.w.org\/{rel}","templated":true}]}}